{"id":1134,"date":"2019-05-21T11:12:21","date_gmt":"2019-05-21T09:12:21","guid":{"rendered":"http:\/\/dejalinkrb.cluster026.hosting.ovh.net\/?page_id=1134"},"modified":"2026-04-03T09:50:39","modified_gmt":"2026-04-03T07:50:39","slug":"accueil-2","status":"publish","type":"page","link":"https:\/\/www.dejalink.fr\/","title":{"rendered":"Accueil"},"content":{"rendered":"\t\t<div data-elementor-type=\"wp-page\" data-elementor-id=\"1134\" class=\"elementor elementor-1134\">\n\t\t\t\t\t\t<section class=\"elementor-section elementor-top-section elementor-element elementor-element-b01c816 elementor-section-height-min-height elementor-section-items-stretch elementor-section-content-middle elementor-section-full_width elementor-section-height-default\" data-id=\"b01c816\" data-element_type=\"section\" data-e-type=\"section\" data-settings=\"{&quot;background_background&quot;:&quot;classic&quot;}\">\n\t\t\t\t\t\t<div class=\"elementor-container elementor-column-gap-no\">\n\t\t\t\t\t<div class=\"elementor-column elementor-col-66 elementor-top-column elementor-element elementor-element-549cd90\" data-id=\"549cd90\" data-element_type=\"column\" data-e-type=\"column\" data-settings=\"{&quot;background_background&quot;:&quot;classic&quot;}\">\n\t\t\t<div class=\"elementor-widget-wrap elementor-element-populated\">\n\t\t\t\t\t\t<div class=\"elementor-element elementor-element-6f54436 elementor-invisible elementor-widget elementor-widget-heading\" data-id=\"6f54436\" data-element_type=\"widget\" data-e-type=\"widget\" data-settings=\"{&quot;_animation&quot;:&quot;fadeIn&quot;,&quot;_animation_delay&quot;:400}\" data-widget_type=\"heading.default\">\n\t\t\t\t<div class=\"elementor-widget-container\">\n\t\t\t\t\t<h2 class=\"elementor-heading-title elementor-size-default\">NOTRE ENGAGEMENT RSE<\/h2>\t\t\t\t<\/div>\n\t\t\t\t<\/div>\n\t\t\t\t<div class=\"elementor-element elementor-element-624cb8a elementor-invisible elementor-widget elementor-widget-text-editor\" data-id=\"624cb8a\" data-element_type=\"widget\" data-e-type=\"widget\" data-settings=\"{&quot;_animation&quot;:&quot;fadeIn&quot;,&quot;_animation_delay&quot;:600}\" data-widget_type=\"text-editor.default\">\n\t\t\t\t<div class=\"elementor-widget-container\">\n\t\t\t\t\t\t\t\t\t<p>La contribution de DEJALINK aux enjeux du d\u00e9veloppement durable passe par l\u2019int\u00e9gration des pr\u00e9occupations sociales et \u00e9cologiques dans son activit\u00e9 commerciale sur une base volontaire.<br \/>DEJA LINK investit dans le\u00a0<strong>capital humain<\/strong>,\u00a0<strong>l\u2019environnement<\/strong>\u00a0et dans les\u00a0<strong>relations avec ses partenaires.<\/strong><\/p>\t\t\t\t\t\t\t\t<\/div>\n\t\t\t\t<\/div>\n\t\t\t\t<div class=\"elementor-element elementor-element-3566a84 elementor-mobile-align-center elementor-widget elementor-widget-button\" data-id=\"3566a84\" data-element_type=\"widget\" data-e-type=\"widget\" data-widget_type=\"button.default\">\n\t\t\t\t<div class=\"elementor-widget-container\">\n\t\t\t\t\t\t\t\t\t<div class=\"elementor-button-wrapper\">\n\t\t\t\t\t<a class=\"elementor-button elementor-button-link elementor-size-sm\" href=\"https:\/\/www.dejalink.fr\/index.php\/notre-engagement-environnemental-societal\/\">\n\t\t\t\t\t\t<span class=\"elementor-button-content-wrapper\">\n\t\t\t\t\t\t\t\t\t<span class=\"elementor-button-text\">EN SAVOIR PLUS<\/span>\n\t\t\t\t\t<\/span>\n\t\t\t\t\t<\/a>\n\t\t\t\t<\/div>\n\t\t\t\t\t\t\t\t<\/div>\n\t\t\t\t<\/div>\n\t\t\t\t\t<\/div>\n\t\t<\/div>\n\t\t\t\t<div class=\"elementor-column elementor-col-33 elementor-top-column elementor-element elementor-element-7f22744\" data-id=\"7f22744\" data-element_type=\"column\" data-e-type=\"column\" data-settings=\"{&quot;background_background&quot;:&quot;classic&quot;}\">\n\t\t\t<div class=\"elementor-widget-wrap elementor-element-populated\">\n\t\t\t\t\t\t<div class=\"elementor-element elementor-element-220018f elementor-invisible elementor-widget elementor-widget-image\" data-id=\"220018f\" data-element_type=\"widget\" data-e-type=\"widget\" data-settings=\"{&quot;_animation&quot;:&quot;slideInRight&quot;}\" data-widget_type=\"image.default\">\n\t\t\t\t<div class=\"elementor-widget-container\">\n\t\t\t\t\t\t\t\t\t\t\t\t\t\t\t<img fetchpriority=\"high\" decoding=\"async\" width=\"644\" height=\"591\" src=\"https:\/\/www.dejalink.fr\/wp-content\/uploads\/2022\/08\/group-people-holding-recycling-sign-concept-1024x940.jpg\" class=\"attachment-large size-large wp-image-2214\" alt=\"\" srcset=\"https:\/\/www.dejalink.fr\/wp-content\/uploads\/2022\/08\/group-people-holding-recycling-sign-concept-1024x940.jpg 1024w, https:\/\/www.dejalink.fr\/wp-content\/uploads\/2022\/08\/group-people-holding-recycling-sign-concept-300x275.jpg 300w, https:\/\/www.dejalink.fr\/wp-content\/uploads\/2022\/08\/group-people-holding-recycling-sign-concept-768x705.jpg 768w, https:\/\/www.dejalink.fr\/wp-content\/uploads\/2022\/08\/group-people-holding-recycling-sign-concept-1536x1409.jpg 1536w, https:\/\/www.dejalink.fr\/wp-content\/uploads\/2022\/08\/group-people-holding-recycling-sign-concept-2048x1879.jpg 2048w\" sizes=\"100vw\" \/>\t\t\t\t\t\t\t\t\t\t\t\t\t\t\t<\/div>\n\t\t\t\t<\/div>\n\t\t\t\t\t<\/div>\n\t\t<\/div>\n\t\t\t\t\t<\/div>\n\t\t<\/section>\n\t\t\t\t<section class=\"elementor-section elementor-top-section elementor-element elementor-element-416d2f4d elementor-section-full_width elementor-section-content-middle elementor-section-height-min-height elementor-section-height-default elementor-section-items-middle\" data-id=\"416d2f4d\" data-element_type=\"section\" data-e-type=\"section\" data-settings=\"{&quot;background_background&quot;:&quot;classic&quot;}\">\n\t\t\t\t\t\t<div class=\"elementor-container elementor-column-gap-no\">\n\t\t\t\t\t<div class=\"elementor-column elementor-col-33 elementor-top-column elementor-element elementor-element-9880423\" data-id=\"9880423\" data-element_type=\"column\" data-e-type=\"column\">\n\t\t\t<div class=\"elementor-widget-wrap elementor-element-populated\">\n\t\t\t\t\t\t<div class=\"elementor-element elementor-element-2f9e71c elementor-widget elementor-widget-image\" data-id=\"2f9e71c\" data-element_type=\"widget\" data-e-type=\"widget\" data-widget_type=\"image.default\">\n\t\t\t\t<div class=\"elementor-widget-container\">\n\t\t\t\t\t\t\t\t\t\t\t\t\t\t\t<img decoding=\"async\" width=\"1536\" height=\"1095\" src=\"https:\/\/www.dejalink.fr\/wp-content\/uploads\/2019\/01\/cropped-3_1_speedmaster_xl_106_1_jpg_lrg-1536x1095.jpg\" class=\"attachment-1536x1536 size-1536x1536 wp-image-2200\" alt=\"\" srcset=\"https:\/\/www.dejalink.fr\/wp-content\/uploads\/2019\/01\/cropped-3_1_speedmaster_xl_106_1_jpg_lrg-1536x1095.jpg 1536w, https:\/\/www.dejalink.fr\/wp-content\/uploads\/2019\/01\/cropped-3_1_speedmaster_xl_106_1_jpg_lrg-300x214.jpg 300w, https:\/\/www.dejalink.fr\/wp-content\/uploads\/2019\/01\/cropped-3_1_speedmaster_xl_106_1_jpg_lrg-1024x730.jpg 1024w, https:\/\/www.dejalink.fr\/wp-content\/uploads\/2019\/01\/cropped-3_1_speedmaster_xl_106_1_jpg_lrg-768x548.jpg 768w, https:\/\/www.dejalink.fr\/wp-content\/uploads\/2019\/01\/cropped-3_1_speedmaster_xl_106_1_jpg_lrg.jpg 2000w\" sizes=\"100vw\" \/>\t\t\t\t\t\t\t\t\t\t\t\t\t\t\t<\/div>\n\t\t\t\t<\/div>\n\t\t\t\t\t<\/div>\n\t\t<\/div>\n\t\t\t\t<div class=\"elementor-column elementor-col-66 elementor-top-column elementor-element elementor-element-2360507d\" data-id=\"2360507d\" data-element_type=\"column\" data-e-type=\"column\">\n\t\t\t<div class=\"elementor-widget-wrap elementor-element-populated\">\n\t\t\t\t\t\t<div class=\"elementor-element elementor-element-fd57e07 elementor-invisible elementor-widget elementor-widget-heading\" data-id=\"fd57e07\" data-element_type=\"widget\" data-e-type=\"widget\" data-settings=\"{&quot;_animation&quot;:&quot;fadeIn&quot;}\" data-widget_type=\"heading.default\">\n\t\t\t\t<div class=\"elementor-widget-container\">\n\t\t\t\t\t<h2 class=\"elementor-heading-title elementor-size-default\">L'impression Offset<\/h2>\t\t\t\t<\/div>\n\t\t\t\t<\/div>\n\t\t\t\t<div class=\"elementor-element elementor-element-5f8521c1 elementor-widget elementor-widget-text-editor\" data-id=\"5f8521c1\" data-element_type=\"widget\" data-e-type=\"widget\" data-widget_type=\"text-editor.default\">\n\t\t\t\t<div class=\"elementor-widget-container\">\n\t\t\t\t\t\t\t\t\t<p><b>Notre c\u0153ur de m\u00e9tier.<br \/><\/b>Un savoir-faire respectueux des grandes traditions avec une\u00a0technologie de pointe.<br \/>Ce service vous assure une qualit\u00e9 d\u2019impression haut de gamme\u00a0et vous propose un choix de papiers tr\u00e8s \u00e9tendu.<\/p><p><b>3 presses offset :<br \/><\/b>\u2022 1 presse Heidelberg XL75 LE UV &#8211; format 53 x 75 cm\u00a05 couleurs + Vernis UV<br \/>\u2022 1 presse Heidelberg XL106 &#8211; 5 + L &#8211; format 75 x 106 cm\u00a05 couleurs + Vernis acrylique<br \/>\u2022 1 presse Heidelberg XL106 &#8211; 4 + L &#8211; format 75 x 106 cm\u00a04 couleurs + Vernis acrylique<\/p>\t\t\t\t\t\t\t\t<\/div>\n\t\t\t\t<\/div>\n\t\t\t\t<div class=\"elementor-element elementor-element-5987a25 elementor-mobile-align-center elementor-widget elementor-widget-button\" data-id=\"5987a25\" data-element_type=\"widget\" data-e-type=\"widget\" data-widget_type=\"button.default\">\n\t\t\t\t<div class=\"elementor-widget-container\">\n\t\t\t\t\t\t\t\t\t<div class=\"elementor-button-wrapper\">\n\t\t\t\t\t<a class=\"elementor-button elementor-button-link elementor-size-sm\" href=\"https:\/\/www.dejalink.fr\/index.php\/impression\/\">\n\t\t\t\t\t\t<span class=\"elementor-button-content-wrapper\">\n\t\t\t\t\t\t\t\t\t<span class=\"elementor-button-text\">EN SAVOIR PLUS<\/span>\n\t\t\t\t\t<\/span>\n\t\t\t\t\t<\/a>\n\t\t\t\t<\/div>\n\t\t\t\t\t\t\t\t<\/div>\n\t\t\t\t<\/div>\n\t\t\t\t\t<\/div>\n\t\t<\/div>\n\t\t\t\t\t<\/div>\n\t\t<\/section>\n\t\t\t\t<section class=\"elementor-section elementor-top-section elementor-element elementor-element-bb470d9 elementor-section-full_width elementor-section-content-middle elementor-section-height-default elementor-section-height-default\" data-id=\"bb470d9\" data-element_type=\"section\" data-e-type=\"section\" data-settings=\"{&quot;background_background&quot;:&quot;classic&quot;}\">\n\t\t\t\t\t\t<div class=\"elementor-container elementor-column-gap-no\">\n\t\t\t\t\t<div class=\"elementor-column elementor-col-50 elementor-top-column elementor-element elementor-element-a7ea8f3\" data-id=\"a7ea8f3\" data-element_type=\"column\" data-e-type=\"column\">\n\t\t\t<div class=\"elementor-widget-wrap elementor-element-populated\">\n\t\t\t\t\t\t<div class=\"elementor-element elementor-element-ad2d348 elementor-invisible elementor-widget elementor-widget-heading\" data-id=\"ad2d348\" data-element_type=\"widget\" data-e-type=\"widget\" data-settings=\"{&quot;_animation&quot;:&quot;fadeIn&quot;}\" data-widget_type=\"heading.default\">\n\t\t\t\t<div class=\"elementor-widget-container\">\n\t\t\t\t\t<h2 class=\"elementor-heading-title elementor-size-default\">L'impression Num\u00e9rique<\/h2>\t\t\t\t<\/div>\n\t\t\t\t<\/div>\n\t\t\t\t<div class=\"elementor-element elementor-element-8ccfd36 elementor-widget elementor-widget-text-editor\" data-id=\"8ccfd36\" data-element_type=\"widget\" data-e-type=\"widget\" data-widget_type=\"text-editor.default\">\n\t\t\t\t<div class=\"elementor-widget-container\">\n\t\t\t\t\t\t\t\t\t<p>la r\u00e9ponse \u00e0 vos besoins imm\u00e9diats, \u00e0 un niveau de qualit\u00e9 d\u2019impression\u00a0offset.<br \/>Personnalisation texte et image, encres fluos, encre blanche, argent et\u00a0or \u00e0 froid en variabilit\u00e9, papiers de cr\u00e9ation\u2026 laissez libre court \u00e0 votre\u00a0imagination !<\/p><p>Notre presse <b>HP Indigo 7K <\/b>pourra r\u00e9pondre \u00e0 vos besoins d\u2019impression jusqu\u2019au format 31 x 45 cm<br \/>\u2022 Encre blanche, argent et fluo<br \/>\u2022 \u00c9paisseur papier jusqu\u2019\u00e0 500 microns<br \/>\u2022 Supports papier et synth\u00e9tiques<br \/>\u2022 Personnalisation texte et images<\/p><p>Notre presse\u00a0<b>HP Indigo 15K<\/b>\u00a0sera parfaitement adapt\u00e9e \u00e0 vos demandes de\u00a0petites et moyennes s\u00e9ries jusqu\u2019au format imprimable 51 x 74 cm. Pochettes\u00a0\u00e0 rabat, posters, d\u00e9pliant 3 volets&#8230;, cette presse de derni\u00e8re g\u00e9n\u00e9ration\u00a0vous ouvre de nouvelles possibilit\u00e9s de personnalisation, sur de multiples\u00a0supports, jusqu\u2019\u00e0 une \u00e9paisseur de 450 microns !<br \/>\u2022 Indichromie, encre blanche<br \/>\u2022 Supports papier couch\u00e9 et offset<br \/>\u2022 Personnalisation texte et images<\/p><p>Notre presse num\u00e9rique <strong>VERSAFIRE EP 135<\/strong> de technologie Toner sec a toute sa place\u00a0dans notre parc num\u00e9rique, pour vos besoins petites et moyennes\u00a0s\u00e9ries :<br \/>\u2022 impression sur papiers non trait\u00e9s<br \/>\u2022 impression jusqu\u2019\u00e0 33 x 105 cm (en passage papier)<br \/>\u2022 variabilit\u00e9 texte\/image<br \/>\u2022 module de piqures m\u00e9tal (2 piques) en ligne PlockMatic<br \/>\u2022 totale int\u00e9gration dans le flux Heidelberg Prinect<\/p>\t\t\t\t\t\t\t\t<\/div>\n\t\t\t\t<\/div>\n\t\t\t\t<div class=\"elementor-element elementor-element-42a348e elementor-mobile-align-center elementor-widget elementor-widget-button\" data-id=\"42a348e\" data-element_type=\"widget\" data-e-type=\"widget\" data-widget_type=\"button.default\">\n\t\t\t\t<div class=\"elementor-widget-container\">\n\t\t\t\t\t\t\t\t\t<div class=\"elementor-button-wrapper\">\n\t\t\t\t\t<a class=\"elementor-button elementor-button-link elementor-size-sm\" href=\"https:\/\/www.dejalink.fr\/index.php\/impression-numerique\/\">\n\t\t\t\t\t\t<span class=\"elementor-button-content-wrapper\">\n\t\t\t\t\t\t\t\t\t<span class=\"elementor-button-text\">EN SAVOIR PLUS<\/span>\n\t\t\t\t\t<\/span>\n\t\t\t\t\t<\/a>\n\t\t\t\t<\/div>\n\t\t\t\t\t\t\t\t<\/div>\n\t\t\t\t<\/div>\n\t\t\t\t\t<\/div>\n\t\t<\/div>\n\t\t\t\t<div class=\"elementor-column elementor-col-50 elementor-top-column elementor-element elementor-element-0288c00\" data-id=\"0288c00\" data-element_type=\"column\" data-e-type=\"column\">\n\t\t\t<div class=\"elementor-widget-wrap elementor-element-populated\">\n\t\t\t\t\t\t<div class=\"elementor-element elementor-element-5cc327e elementor-widget elementor-widget-image\" data-id=\"5cc327e\" data-element_type=\"widget\" data-e-type=\"widget\" data-widget_type=\"image.default\">\n\t\t\t\t<div class=\"elementor-widget-container\">\n\t\t\t\t\t\t\t\t\t\t\t\t\t\t\t<img decoding=\"async\" width=\"1000\" height=\"441\" src=\"https:\/\/www.dejalink.fr\/wp-content\/uploads\/2026\/04\/High-Speed-Full-Color-Used-Inkjet-Digital-Printer-for-HP-Indigo-Press-3550-5000-6800-7500-7600-7800-7900-7R-10000-Digital-Print.png\" class=\"attachment-full size-full wp-image-2981\" alt=\"\" srcset=\"https:\/\/www.dejalink.fr\/wp-content\/uploads\/2026\/04\/High-Speed-Full-Color-Used-Inkjet-Digital-Printer-for-HP-Indigo-Press-3550-5000-6800-7500-7600-7800-7900-7R-10000-Digital-Print.png 1000w, https:\/\/www.dejalink.fr\/wp-content\/uploads\/2026\/04\/High-Speed-Full-Color-Used-Inkjet-Digital-Printer-for-HP-Indigo-Press-3550-5000-6800-7500-7600-7800-7900-7R-10000-Digital-Print-300x132.png 300w, https:\/\/www.dejalink.fr\/wp-content\/uploads\/2026\/04\/High-Speed-Full-Color-Used-Inkjet-Digital-Printer-for-HP-Indigo-Press-3550-5000-6800-7500-7600-7800-7900-7R-10000-Digital-Print-768x339.png 768w\" sizes=\"100vw\" \/>\t\t\t\t\t\t\t\t\t\t\t\t\t\t\t<\/div>\n\t\t\t\t<\/div>\n\t\t\t\t\t<\/div>\n\t\t<\/div>\n\t\t\t\t\t<\/div>\n\t\t<\/section>\n\t\t\t\t<section class=\"elementor-section elementor-top-section elementor-element elementor-element-ff07185 elementor-section-full_width elementor-section-content-middle elementor-section-height-min-height elementor-section-height-default elementor-section-items-middle\" data-id=\"ff07185\" data-element_type=\"section\" data-e-type=\"section\" data-settings=\"{&quot;background_background&quot;:&quot;classic&quot;}\">\n\t\t\t\t\t\t<div class=\"elementor-container elementor-column-gap-no\">\n\t\t\t\t\t<div class=\"elementor-column elementor-col-33 elementor-top-column elementor-element elementor-element-8168be3\" data-id=\"8168be3\" data-element_type=\"column\" data-e-type=\"column\">\n\t\t\t<div class=\"elementor-widget-wrap elementor-element-populated\">\n\t\t\t\t\t\t<div class=\"elementor-element elementor-element-b14464b elementor-widget elementor-widget-image\" data-id=\"b14464b\" data-element_type=\"widget\" data-e-type=\"widget\" data-widget_type=\"image.default\">\n\t\t\t\t<div class=\"elementor-widget-container\">\n\t\t\t\t\t\t\t\t\t\t\t\t\t\t\t<img loading=\"lazy\" decoding=\"async\" width=\"2480\" height=\"1362\" src=\"https:\/\/www.dejalink.fr\/wp-content\/uploads\/2022\/06\/SwissQprint-Nyala-3.png\" class=\"attachment-full size-full wp-image-2148\" alt=\"\" srcset=\"https:\/\/www.dejalink.fr\/wp-content\/uploads\/2022\/06\/SwissQprint-Nyala-3.png 2480w, https:\/\/www.dejalink.fr\/wp-content\/uploads\/2022\/06\/SwissQprint-Nyala-3-300x165.png 300w, https:\/\/www.dejalink.fr\/wp-content\/uploads\/2022\/06\/SwissQprint-Nyala-3-1024x562.png 1024w, https:\/\/www.dejalink.fr\/wp-content\/uploads\/2022\/06\/SwissQprint-Nyala-3-768x422.png 768w, https:\/\/www.dejalink.fr\/wp-content\/uploads\/2022\/06\/SwissQprint-Nyala-3-1536x844.png 1536w, https:\/\/www.dejalink.fr\/wp-content\/uploads\/2022\/06\/SwissQprint-Nyala-3-2048x1125.png 2048w\" sizes=\"100vw\" \/>\t\t\t\t\t\t\t\t\t\t\t\t\t\t\t<\/div>\n\t\t\t\t<\/div>\n\t\t\t\t\t<\/div>\n\t\t<\/div>\n\t\t\t\t<div class=\"elementor-column elementor-col-66 elementor-top-column elementor-element elementor-element-4e601a2\" data-id=\"4e601a2\" data-element_type=\"column\" data-e-type=\"column\">\n\t\t\t<div class=\"elementor-widget-wrap elementor-element-populated\">\n\t\t\t\t\t\t<div class=\"elementor-element elementor-element-8bee00b elementor-invisible elementor-widget elementor-widget-heading\" data-id=\"8bee00b\" data-element_type=\"widget\" data-e-type=\"widget\" data-settings=\"{&quot;_animation&quot;:&quot;fadeIn&quot;}\" data-widget_type=\"heading.default\">\n\t\t\t\t<div class=\"elementor-widget-container\">\n\t\t\t\t\t<h2 class=\"elementor-heading-title elementor-size-default\">L\u2019impression traceur jet d\u2019encre <\/h2>\t\t\t\t<\/div>\n\t\t\t\t<\/div>\n\t\t\t\t<div class=\"elementor-element elementor-element-f4e6b90 elementor-widget elementor-widget-text-editor\" data-id=\"f4e6b90\" data-element_type=\"widget\" data-e-type=\"widget\" data-widget_type=\"text-editor.default\">\n\t\t\t\t<div class=\"elementor-widget-container\">\n\t\t\t\t\t\t\t\t\t<p>L\u2019impression num\u00e9rique grand format est destin\u00e9e \u00e0 offrir dans les plus\u00a0brefs d\u00e9lais et en petites quantit\u00e9s (parfois un seul exemplaire) des\u00a0visuels dont le faible tirage induirait des co\u00fbts excessifs en impression\u00a0traditionnelle.<br \/>\u2022 <b>1 EPSON (R5000L) <\/b>&#8211; 160 cm de Laize<br \/>\u2022 <b>1 MUTOH (Valuejet 1624) <\/b>&#8211; 160 cm de laize<br \/>\u2022 <b>1 CANON (COLORADO 1640) <\/b>&#8211; 160 cm de laize<\/p><p class=\"p1\">\u2022 <b>1 swissQprint Nyala 3 <\/b>&#8211; Format d\u2019impression 3,20 x 2 m<\/p><p class=\"p1\"><span class=\"s1\">\u2022 <\/span><b>Machine de d\u00e9coupe ZUND G3L 2500 &#8211; <\/b><b><\/b>(Fraisage, d\u00e9coupe, rainage et mi-chair)<br \/><span class=\"s1\">\u2022 <\/span><b>1 traceur d\u00e9coupe mi-chair 2 axes<br \/><\/b><span class=\"s1\">\u2022 <\/span><b>Machine de lamination<\/b><\/p>\t\t\t\t\t\t\t\t<\/div>\n\t\t\t\t<\/div>\n\t\t\t\t<div class=\"elementor-element elementor-element-d507859 elementor-mobile-align-center elementor-widget elementor-widget-button\" data-id=\"d507859\" data-element_type=\"widget\" data-e-type=\"widget\" data-widget_type=\"button.default\">\n\t\t\t\t<div class=\"elementor-widget-container\">\n\t\t\t\t\t\t\t\t\t<div class=\"elementor-button-wrapper\">\n\t\t\t\t\t<a class=\"elementor-button elementor-button-link elementor-size-sm\" href=\"https:\/\/www.dejalink.fr\/index.php\/impression-numerique\/\">\n\t\t\t\t\t\t<span class=\"elementor-button-content-wrapper\">\n\t\t\t\t\t\t\t\t\t<span class=\"elementor-button-text\">EN SAVOIR PLUS<\/span>\n\t\t\t\t\t<\/span>\n\t\t\t\t\t<\/a>\n\t\t\t\t<\/div>\n\t\t\t\t\t\t\t\t<\/div>\n\t\t\t\t<\/div>\n\t\t\t\t\t<\/div>\n\t\t<\/div>\n\t\t\t\t\t<\/div>\n\t\t<\/section>\n\t\t\t\t<section class=\"elementor-section elementor-top-section elementor-element elementor-element-57ef298 elementor-section-height-min-height elementor-section-items-stretch elementor-section-content-middle elementor-section-full_width elementor-section-height-default\" data-id=\"57ef298\" data-element_type=\"section\" data-e-type=\"section\" data-settings=\"{&quot;background_background&quot;:&quot;classic&quot;}\">\n\t\t\t\t\t\t<div class=\"elementor-container elementor-column-gap-no\">\n\t\t\t\t\t<div class=\"elementor-column elementor-col-66 elementor-top-column elementor-element elementor-element-309d278\" data-id=\"309d278\" data-element_type=\"column\" data-e-type=\"column\" data-settings=\"{&quot;background_background&quot;:&quot;classic&quot;}\">\n\t\t\t<div class=\"elementor-widget-wrap elementor-element-populated\">\n\t\t\t\t\t\t<div class=\"elementor-element elementor-element-38fa51c elementor-invisible elementor-widget elementor-widget-heading\" data-id=\"38fa51c\" data-element_type=\"widget\" data-e-type=\"widget\" data-settings=\"{&quot;_animation&quot;:&quot;fadeIn&quot;,&quot;_animation_delay&quot;:400}\" data-widget_type=\"heading.default\">\n\t\t\t\t<div class=\"elementor-widget-container\">\n\t\t\t\t\t<h2 class=\"elementor-heading-title elementor-size-default\">Studio Cr\u00e9ation Pr\u00e9-presse<\/h2>\t\t\t\t<\/div>\n\t\t\t\t<\/div>\n\t\t\t\t<div class=\"elementor-element elementor-element-d268f5f elementor-invisible elementor-widget elementor-widget-text-editor\" data-id=\"d268f5f\" data-element_type=\"widget\" data-e-type=\"widget\" data-settings=\"{&quot;_animation&quot;:&quot;fadeIn&quot;,&quot;_animation_delay&quot;:600}\" data-widget_type=\"text-editor.default\">\n\t\t\t\t<div class=\"elementor-widget-container\">\n\t\t\t\t\t\t\t\t\t<p>Technique et cr\u00e9ativit\u00e9 sont au c\u0153ur du service pr\u00e9presse !<\/p>\t\t\t\t\t\t\t\t<\/div>\n\t\t\t\t<\/div>\n\t\t\t\t<div class=\"elementor-element elementor-element-4ddd407 elementor-invisible elementor-widget elementor-widget-text-editor\" data-id=\"4ddd407\" data-element_type=\"widget\" data-e-type=\"widget\" data-settings=\"{&quot;_animation&quot;:&quot;fadeIn&quot;,&quot;_animation_delay&quot;:600}\" data-widget_type=\"text-editor.default\">\n\t\t\t\t<div class=\"elementor-widget-container\">\n\t\t\t\t\t\t\t\t\t<p>Studio Pr\u00e9presse sp\u00e9cialiste de la cha\u00eene graphique et professionnel dans la r\u00e9alisation de maquettes et la direction artistique de livres tout secteur d&rsquo;activit\u00e9 confondu, nous prenons en charge les projets cr\u00e9atifs et les demandes d&rsquo;ex\u00e9cution graphique en tant que Studio pr\u00e9presse, maquettiste et webdesigner.<\/p><p>Notre ma\u00eetrise des logiciels professionnels pr\u00e9presse (traitement de texte et de l&rsquo;image) me permet de vous offrir toute la palette attendue d&rsquo;un studio comp\u00e9tent et professionnel.<\/p>\t\t\t\t\t\t\t\t<\/div>\n\t\t\t\t<\/div>\n\t\t\t\t<div class=\"elementor-element elementor-element-f3f76fa elementor-mobile-align-center elementor-widget elementor-widget-button\" data-id=\"f3f76fa\" data-element_type=\"widget\" data-e-type=\"widget\" data-widget_type=\"button.default\">\n\t\t\t\t<div class=\"elementor-widget-container\">\n\t\t\t\t\t\t\t\t\t<div class=\"elementor-button-wrapper\">\n\t\t\t\t\t<a class=\"elementor-button elementor-button-link elementor-size-sm\" href=\"https:\/\/www.dejalink.fr\/index.php\/studio-creation-pre-presse\/\">\n\t\t\t\t\t\t<span class=\"elementor-button-content-wrapper\">\n\t\t\t\t\t\t\t\t\t<span class=\"elementor-button-text\">EN SAVOIR PLUS<\/span>\n\t\t\t\t\t<\/span>\n\t\t\t\t\t<\/a>\n\t\t\t\t<\/div>\n\t\t\t\t\t\t\t\t<\/div>\n\t\t\t\t<\/div>\n\t\t\t\t\t<\/div>\n\t\t<\/div>\n\t\t\t\t<div class=\"elementor-column elementor-col-33 elementor-top-column elementor-element elementor-element-733e943\" data-id=\"733e943\" data-element_type=\"column\" data-e-type=\"column\" data-settings=\"{&quot;background_background&quot;:&quot;classic&quot;}\">\n\t\t\t<div class=\"elementor-widget-wrap elementor-element-populated\">\n\t\t\t\t\t\t<div class=\"elementor-element elementor-element-5b3213a elementor-invisible elementor-widget elementor-widget-image\" data-id=\"5b3213a\" data-element_type=\"widget\" data-e-type=\"widget\" data-settings=\"{&quot;_animation&quot;:&quot;slideInRight&quot;}\" data-widget_type=\"image.default\">\n\t\t\t\t<div class=\"elementor-widget-container\">\n\t\t\t\t\t\t\t\t\t\t\t\t\t\t\t<img loading=\"lazy\" decoding=\"async\" width=\"644\" height=\"362\" src=\"https:\/\/www.dejalink.fr\/wp-content\/uploads\/2026\/04\/abstract-office-desktop-1024x576.jpg\" class=\"attachment-large size-large wp-image-2989\" alt=\"\" srcset=\"https:\/\/www.dejalink.fr\/wp-content\/uploads\/2026\/04\/abstract-office-desktop-1024x576.jpg 1024w, https:\/\/www.dejalink.fr\/wp-content\/uploads\/2026\/04\/abstract-office-desktop-300x169.jpg 300w, https:\/\/www.dejalink.fr\/wp-content\/uploads\/2026\/04\/abstract-office-desktop-768x432.jpg 768w, https:\/\/www.dejalink.fr\/wp-content\/uploads\/2026\/04\/abstract-office-desktop-1536x864.jpg 1536w, https:\/\/www.dejalink.fr\/wp-content\/uploads\/2026\/04\/abstract-office-desktop-2048x1152.jpg 2048w\" sizes=\"100vw\" \/>\t\t\t\t\t\t\t\t\t\t\t\t\t\t\t<\/div>\n\t\t\t\t<\/div>\n\t\t\t\t\t<\/div>\n\t\t<\/div>\n\t\t\t\t\t<\/div>\n\t\t<\/section>\n\t\t\t\t<\/div>\n\t\t","protected":false},"excerpt":{"rendered":"<p>NOTRE ENGAGEMENT RSE La contribution de DEJALINK aux enjeux du d\u00e9veloppement durable passe par l\u2019int\u00e9gration des pr\u00e9occupations sociales et \u00e9cologiques dans son activit\u00e9 commerciale sur une base volontaire.DEJA LINK investit dans le\u00a0capital humain,\u00a0l\u2019environnement\u00a0et dans les\u00a0relations avec ses partenaires. EN SAVOIR PLUS L&rsquo;impression Offset Notre c\u0153ur de m\u00e9tier.Un savoir-faire respectueux des grandes traditions avec une\u00a0technologie de &hellip; <\/p>\n<p class=\"link-more\"><a href=\"https:\/\/www.dejalink.fr\/\" class=\"more-link\">Continuer la lecture<span class=\"screen-reader-text\"> de &laquo;&nbsp;Accueil&nbsp;&raquo;<\/span><\/a><\/p>\n","protected":false},"author":2,"featured_media":0,"parent":0,"menu_order":1,"comment_status":"closed","ping_status":"closed","template":"elementor_header_footer","meta":{"footnotes":""},"class_list":["post-1134","page","type-page","status-publish","hentry"],"_links":{"self":[{"href":"https:\/\/www.dejalink.fr\/index.php\/wp-json\/wp\/v2\/pages\/1134","targetHints":{"allow":["GET"]}}],"collection":[{"href":"https:\/\/www.dejalink.fr\/index.php\/wp-json\/wp\/v2\/pages"}],"about":[{"href":"https:\/\/www.dejalink.fr\/index.php\/wp-json\/wp\/v2\/types\/page"}],"author":[{"embeddable":true,"href":"https:\/\/www.dejalink.fr\/index.php\/wp-json\/wp\/v2\/users\/2"}],"replies":[{"embeddable":true,"href":"https:\/\/www.dejalink.fr\/index.php\/wp-json\/wp\/v2\/comments?post=1134"}],"version-history":[{"count":210,"href":"https:\/\/www.dejalink.fr\/index.php\/wp-json\/wp\/v2\/pages\/1134\/revisions"}],"predecessor-version":[{"id":2992,"href":"https:\/\/www.dejalink.fr\/index.php\/wp-json\/wp\/v2\/pages\/1134\/revisions\/2992"}],"wp:attachment":[{"href":"https:\/\/www.dejalink.fr\/index.php\/wp-json\/wp\/v2\/media?parent=1134"}],"curies":[{"name":"wp","href":"https:\/\/api.w.org\/{rel}","templated":true}]}}