{"id":221,"date":"2019-01-08T10:04:55","date_gmt":"2019-01-08T09:04:55","guid":{"rendered":"http:\/\/dejalinkrb.cluster026.hosting.ovh.net\/?page_id=221"},"modified":"2026-04-03T10:24:12","modified_gmt":"2026-04-03T08:24:12","slug":"impression","status":"publish","type":"page","link":"https:\/\/www.dejalink.fr\/index.php\/impression\/","title":{"rendered":"Impression Offset"},"content":{"rendered":"\t\t<div data-elementor-type=\"wp-page\" data-elementor-id=\"221\" class=\"elementor elementor-221\">\n\t\t\t\t\t\t<section class=\"elementor-section elementor-top-section elementor-element elementor-element-b25ac96 elementor-section-full_width elementor-section-content-middle elementor-section-height-min-height elementor-section-stretched elementor-section-height-default elementor-section-items-middle\" data-id=\"b25ac96\" data-element_type=\"section\" data-e-type=\"section\" data-settings=\"{&quot;background_background&quot;:&quot;classic&quot;,&quot;stretch_section&quot;:&quot;section-stretched&quot;}\">\n\t\t\t\t\t\t<div class=\"elementor-container elementor-column-gap-no\">\n\t\t\t\t\t<div class=\"elementor-column elementor-col-33 elementor-top-column elementor-element elementor-element-63658d1\" data-id=\"63658d1\" data-element_type=\"column\" data-e-type=\"column\">\n\t\t\t<div class=\"elementor-widget-wrap elementor-element-populated\">\n\t\t\t\t\t\t<div class=\"elementor-element elementor-element-20bd6af elementor-widget elementor-widget-image\" data-id=\"20bd6af\" data-element_type=\"widget\" data-e-type=\"widget\" data-widget_type=\"image.default\">\n\t\t\t\t<div class=\"elementor-widget-container\">\n\t\t\t\t\t\t\t\t\t\t\t\t\t\t\t<img fetchpriority=\"high\" decoding=\"async\" width=\"2000\" height=\"1426\" src=\"https:\/\/www.dejalink.fr\/wp-content\/uploads\/2019\/01\/cropped-3_1_speedmaster_xl_106_1_jpg_lrg.jpg\" class=\"attachment-full size-full wp-image-2200\" alt=\"\" srcset=\"https:\/\/www.dejalink.fr\/wp-content\/uploads\/2019\/01\/cropped-3_1_speedmaster_xl_106_1_jpg_lrg.jpg 2000w, https:\/\/www.dejalink.fr\/wp-content\/uploads\/2019\/01\/cropped-3_1_speedmaster_xl_106_1_jpg_lrg-300x214.jpg 300w, https:\/\/www.dejalink.fr\/wp-content\/uploads\/2019\/01\/cropped-3_1_speedmaster_xl_106_1_jpg_lrg-1024x730.jpg 1024w, https:\/\/www.dejalink.fr\/wp-content\/uploads\/2019\/01\/cropped-3_1_speedmaster_xl_106_1_jpg_lrg-768x548.jpg 768w, https:\/\/www.dejalink.fr\/wp-content\/uploads\/2019\/01\/cropped-3_1_speedmaster_xl_106_1_jpg_lrg-1536x1095.jpg 1536w\" sizes=\"100vw\" \/>\t\t\t\t\t\t\t\t\t\t\t\t\t\t\t<\/div>\n\t\t\t\t<\/div>\n\t\t\t\t\t<\/div>\n\t\t<\/div>\n\t\t\t\t<div class=\"elementor-column elementor-col-66 elementor-top-column elementor-element elementor-element-4961187\" data-id=\"4961187\" data-element_type=\"column\" data-e-type=\"column\">\n\t\t\t<div class=\"elementor-widget-wrap elementor-element-populated\">\n\t\t\t\t\t\t<div class=\"elementor-element elementor-element-8996e32 elementor-invisible elementor-widget elementor-widget-heading\" data-id=\"8996e32\" data-element_type=\"widget\" data-e-type=\"widget\" data-settings=\"{&quot;_animation&quot;:&quot;fadeIn&quot;}\" data-widget_type=\"heading.default\">\n\t\t\t\t<div class=\"elementor-widget-container\">\n\t\t\t\t\t<h1 class=\"elementor-heading-title elementor-size-large\">Impression Offset<\/h1>\t\t\t\t<\/div>\n\t\t\t\t<\/div>\n\t\t\t\t<div class=\"elementor-element elementor-element-f545139 elementor-widget elementor-widget-text-editor\" data-id=\"f545139\" data-element_type=\"widget\" data-e-type=\"widget\" data-widget_type=\"text-editor.default\">\n\t\t\t\t<div class=\"elementor-widget-container\">\n\t\t\t\t\t\t\t\t\t<p class=\"has-text-color has-medium-font-size\" style=\"color: #4b759e;\"><span style=\"color: #23397c;\">La r\u00e9ponse \u00e0 vos besoins imm\u00e9diats, \u00e0 un niveau de qualit\u00e9 d\u2019impression offset.\u2028<\/span><\/p><p class=\"has-text-color has-medium-font-size\"><span style=\"color: #23397c;\"><strong>L\u2019IMPRESSION OFFSET FEUILLE LOW ENERGY UV<\/strong><span style=\"caret-color: #4b759e;\">\u00a0<\/span><strong>(LE UV) :<\/strong><\/span><\/p><p><span style=\"color: #23397c;\"><b>qualit\u00e9, productivit\u00e9, cr\u00e9ativit\u00e9.<\/b><\/span><br \/>Cette nouvelle g\u00e9n\u00e9ration de presse ouvre de nouvelles perspectives cr\u00e9atives pour vos petites et moyennes s\u00e9ries. Les encres UV s\u00e8chent instantan\u00e9ment \u00e0 la surface du support (papiers de cr\u00e9ation et teint\u00e9s dans la masse, pr\u00e9-pellicul\u00e9s, PVC, polypro\u2026) pour un rendu net et contrast\u00e9 de vos impressions.<\/p><p><span style=\"color: #23397c;\"><b>la solution pour vos tirages \u00e0 volumes importants.<\/b><\/span><br \/>Au coeur de notre m\u00e9tier depuis desd\u00e9cennies, le proc\u00e9d\u00e9 offset feuille traditionnel reste la meilleure solution pour l\u2019impression de volumes importants. Le savoir-faire et l\u2019exigence de nos conducteurs sont mis quotidiennement \u00e0 votre service pour garantir une qualit\u00e9 d\u2019impression de vos supports.<\/p>\t\t\t\t\t\t\t\t<\/div>\n\t\t\t\t<\/div>\n\t\t\t\t<div class=\"elementor-element elementor-element-dac01fe elementor-widget elementor-widget-text-editor\" data-id=\"dac01fe\" data-element_type=\"widget\" data-e-type=\"widget\" data-widget_type=\"text-editor.default\">\n\t\t\t\t<div class=\"elementor-widget-container\">\n\t\t\t\t\t\t\t\t\t<p>\u00a0<\/p><p><a href=\"https:\/\/www.calameo.com\/read\/0055771479f08ef2d0aa9\"><img decoding=\"async\" class=\"alignnone size-medium wp-image-3002\" src=\"https:\/\/www.dejalink.fr\/wp-content\/uploads\/2026\/04\/FEUILLET_PARC_MACHINES_290x190-1-197x300.png\" alt=\"\" width=\"197\" height=\"300\" srcset=\"https:\/\/www.dejalink.fr\/wp-content\/uploads\/2026\/04\/FEUILLET_PARC_MACHINES_290x190-1-197x300.png 197w, https:\/\/www.dejalink.fr\/wp-content\/uploads\/2026\/04\/FEUILLET_PARC_MACHINES_290x190-1-671x1024.png 671w, https:\/\/www.dejalink.fr\/wp-content\/uploads\/2026\/04\/FEUILLET_PARC_MACHINES_290x190-1-768x1172.png 768w, https:\/\/www.dejalink.fr\/wp-content\/uploads\/2026\/04\/FEUILLET_PARC_MACHINES_290x190-1-1006x1536.png 1006w, https:\/\/www.dejalink.fr\/wp-content\/uploads\/2026\/04\/FEUILLET_PARC_MACHINES_290x190-1-1342x2048.png 1342w, https:\/\/www.dejalink.fr\/wp-content\/uploads\/2026\/04\/FEUILLET_PARC_MACHINES_290x190-1-scaled.png 1677w\" sizes=\"(max-width: 197px) 100vw, 197px\" \/><\/a><\/p><p><span style=\"color: #000000;\"><strong>Consultez notre parc machines<\/strong><\/span><\/p>\t\t\t\t\t\t\t\t<\/div>\n\t\t\t\t<\/div>\n\t\t\t\t\t<\/div>\n\t\t<\/div>\n\t\t\t\t\t<\/div>\n\t\t<\/section>\n\t\t\t\t<\/div>\n\t\t","protected":false},"excerpt":{"rendered":"<p>Impression Offset La r\u00e9ponse \u00e0 vos besoins imm\u00e9diats, \u00e0 un niveau de qualit\u00e9 d\u2019impression offset.\u2028 L\u2019IMPRESSION OFFSET FEUILLE LOW ENERGY UV\u00a0(LE UV) : qualit\u00e9, productivit\u00e9, cr\u00e9ativit\u00e9.Cette nouvelle g\u00e9n\u00e9ration de presse ouvre de nouvelles perspectives cr\u00e9atives pour vos petites et moyennes s\u00e9ries. Les encres UV s\u00e8chent instantan\u00e9ment \u00e0 la surface du support (papiers de cr\u00e9ation et &hellip; <\/p>\n<p class=\"link-more\"><a href=\"https:\/\/www.dejalink.fr\/index.php\/impression\/\" class=\"more-link\">Continuer la lecture<span class=\"screen-reader-text\"> de &laquo;&nbsp;Impression Offset&nbsp;&raquo;<\/span><\/a><\/p>\n","protected":false},"author":2,"featured_media":0,"parent":0,"menu_order":0,"comment_status":"closed","ping_status":"closed","template":"","meta":{"footnotes":""},"class_list":["post-221","page","type-page","status-publish","hentry"],"_links":{"self":[{"href":"https:\/\/www.dejalink.fr\/index.php\/wp-json\/wp\/v2\/pages\/221","targetHints":{"allow":["GET"]}}],"collection":[{"href":"https:\/\/www.dejalink.fr\/index.php\/wp-json\/wp\/v2\/pages"}],"about":[{"href":"https:\/\/www.dejalink.fr\/index.php\/wp-json\/wp\/v2\/types\/page"}],"author":[{"embeddable":true,"href":"https:\/\/www.dejalink.fr\/index.php\/wp-json\/wp\/v2\/users\/2"}],"replies":[{"embeddable":true,"href":"https:\/\/www.dejalink.fr\/index.php\/wp-json\/wp\/v2\/comments?post=221"}],"version-history":[{"count":55,"href":"https:\/\/www.dejalink.fr\/index.php\/wp-json\/wp\/v2\/pages\/221\/revisions"}],"predecessor-version":[{"id":3008,"href":"https:\/\/www.dejalink.fr\/index.php\/wp-json\/wp\/v2\/pages\/221\/revisions\/3008"}],"wp:attachment":[{"href":"https:\/\/www.dejalink.fr\/index.php\/wp-json\/wp\/v2\/media?parent=221"}],"curies":[{"name":"wp","href":"https:\/\/api.w.org\/{rel}","templated":true}]}}