{"id":228,"date":"2019-01-08T11:02:12","date_gmt":"2019-01-08T10:02:12","guid":{"rendered":"http:\/\/dejalinkrb.cluster026.hosting.ovh.net\/?page_id=228"},"modified":"2026-04-03T10:44:44","modified_gmt":"2026-04-03T08:44:44","slug":"finition-faconnage","status":"publish","type":"page","link":"https:\/\/www.dejalink.fr\/index.php\/finition-faconnage\/","title":{"rendered":"Finition &#8211; Fa\u00e7onnage"},"content":{"rendered":"\t\t<div data-elementor-type=\"wp-page\" data-elementor-id=\"228\" class=\"elementor elementor-228\">\n\t\t\t\t\t\t<section class=\"elementor-section elementor-top-section elementor-element elementor-element-995710b elementor-section-full_width elementor-section-content-middle elementor-section-height-min-height elementor-section-stretched elementor-section-height-default elementor-section-items-middle\" data-id=\"995710b\" data-element_type=\"section\" data-e-type=\"section\" data-settings=\"{&quot;background_background&quot;:&quot;classic&quot;,&quot;stretch_section&quot;:&quot;section-stretched&quot;}\">\n\t\t\t\t\t\t<div class=\"elementor-container elementor-column-gap-no\">\n\t\t\t\t\t<div class=\"elementor-column elementor-col-33 elementor-top-column elementor-element elementor-element-af2fd78\" data-id=\"af2fd78\" data-element_type=\"column\" data-e-type=\"column\">\n\t\t\t<div class=\"elementor-widget-wrap elementor-element-populated\">\n\t\t\t\t\t\t<div class=\"elementor-element elementor-element-41f0c1e elementor-widget elementor-widget-image\" data-id=\"41f0c1e\" data-element_type=\"widget\" data-e-type=\"widget\" data-widget_type=\"image.default\">\n\t\t\t\t<div class=\"elementor-widget-container\">\n\t\t\t\t\t\t\t\t\t\t\t\t\t\t\t<img fetchpriority=\"high\" decoding=\"async\" width=\"5184\" height=\"3456\" src=\"https:\/\/www.dejalink.fr\/wp-content\/uploads\/2019\/01\/IMG_2998.jpg\" class=\"attachment-full size-full wp-image-229\" alt=\"\" srcset=\"https:\/\/www.dejalink.fr\/wp-content\/uploads\/2019\/01\/IMG_2998.jpg 5184w, https:\/\/www.dejalink.fr\/wp-content\/uploads\/2019\/01\/IMG_2998-300x200.jpg 300w, https:\/\/www.dejalink.fr\/wp-content\/uploads\/2019\/01\/IMG_2998-768x512.jpg 768w, https:\/\/www.dejalink.fr\/wp-content\/uploads\/2019\/01\/IMG_2998-1024x683.jpg 1024w, https:\/\/www.dejalink.fr\/wp-content\/uploads\/2019\/01\/IMG_2998-648x432.jpg 648w, https:\/\/www.dejalink.fr\/wp-content\/uploads\/2019\/01\/IMG_2998-288x192.jpg 288w\" sizes=\"100vw\" \/>\t\t\t\t\t\t\t\t\t\t\t\t\t\t\t<\/div>\n\t\t\t\t<\/div>\n\t\t\t\t<div class=\"elementor-element elementor-element-f08f8ce elementor-widget elementor-widget-image\" data-id=\"f08f8ce\" data-element_type=\"widget\" data-e-type=\"widget\" data-widget_type=\"image.default\">\n\t\t\t\t<div class=\"elementor-widget-container\">\n\t\t\t\t\t\t\t\t\t\t\t\t\t\t\t<img decoding=\"async\" width=\"740\" height=\"592\" src=\"https:\/\/www.dejalink.fr\/wp-content\/uploads\/2019\/02\/MAPPING-768x614.jpg\" class=\"attachment-medium_large size-medium_large wp-image-864\" alt=\"\" srcset=\"https:\/\/www.dejalink.fr\/wp-content\/uploads\/2019\/02\/MAPPING-768x614.jpg 768w, https:\/\/www.dejalink.fr\/wp-content\/uploads\/2019\/02\/MAPPING-300x240.jpg 300w, https:\/\/www.dejalink.fr\/wp-content\/uploads\/2019\/02\/MAPPING-1024x819.jpg 1024w, https:\/\/www.dejalink.fr\/wp-content\/uploads\/2019\/02\/MAPPING-648x518.jpg 648w, https:\/\/www.dejalink.fr\/wp-content\/uploads\/2019\/02\/MAPPING-240x192.jpg 240w, https:\/\/www.dejalink.fr\/wp-content\/uploads\/2019\/02\/MAPPING.jpg 1182w\" sizes=\"100vw\" \/>\t\t\t\t\t\t\t\t\t\t\t\t\t\t\t<\/div>\n\t\t\t\t<\/div>\n\t\t\t\t\t<\/div>\n\t\t<\/div>\n\t\t\t\t<div class=\"elementor-column elementor-col-66 elementor-top-column elementor-element elementor-element-ee440ea\" data-id=\"ee440ea\" data-element_type=\"column\" data-e-type=\"column\">\n\t\t\t<div class=\"elementor-widget-wrap elementor-element-populated\">\n\t\t\t\t\t\t<div class=\"elementor-element elementor-element-0505c01 elementor-invisible elementor-widget elementor-widget-heading\" data-id=\"0505c01\" data-element_type=\"widget\" data-e-type=\"widget\" data-settings=\"{&quot;_animation&quot;:&quot;fadeIn&quot;}\" data-widget_type=\"heading.default\">\n\t\t\t\t<div class=\"elementor-widget-container\">\n\t\t\t\t\t<h1 class=\"elementor-heading-title elementor-size-large\">Finition - Fa\u00e7onnage<\/h1>\t\t\t\t<\/div>\n\t\t\t\t<\/div>\n\t\t\t\t<div class=\"elementor-element elementor-element-cb17a63 elementor-widget elementor-widget-text-editor\" data-id=\"cb17a63\" data-element_type=\"widget\" data-e-type=\"widget\" data-widget_type=\"text-editor.default\">\n\t\t\t\t<div class=\"elementor-widget-container\">\n\t\t\t\t\t\t\t\t\t<p class=\"has-text-color has-medium-font-size\" style=\"color: #4b759e;\"><span style=\"color: #000000;\">C\u2019est justement parce qu\u2019en mati\u00e8re de fabrication, les d\u00e9tails n\u2019en sont pas, que nous apportons notre ma\u00eetrise et notre exp\u00e9rience \u00e0 r\u00e9aliser avec le plus grand soin vos travaux les plus simples comme les plus complexes.<\/span><\/p>\t\t\t\t\t\t\t\t<\/div>\n\t\t\t\t<\/div>\n\t\t\t\t<div class=\"elementor-element elementor-element-ceab5c5 elementor-widget elementor-widget-text-editor\" data-id=\"ceab5c5\" data-element_type=\"widget\" data-e-type=\"widget\" data-widget_type=\"text-editor.default\">\n\t\t\t\t<div class=\"elementor-widget-container\">\n\t\t\t\t\t\t\t\t\t<p>\u00a0<\/p><p><a href=\"https:\/\/www.calameo.com\/read\/0055771479f08ef2d0aa9\"><img decoding=\"async\" class=\"alignnone size-medium wp-image-3002\" src=\"https:\/\/www.dejalink.fr\/wp-content\/uploads\/2026\/04\/FEUILLET_PARC_MACHINES_290x190-1-197x300.png\" alt=\"\" width=\"197\" height=\"300\" srcset=\"https:\/\/www.dejalink.fr\/wp-content\/uploads\/2026\/04\/FEUILLET_PARC_MACHINES_290x190-1-197x300.png 197w, https:\/\/www.dejalink.fr\/wp-content\/uploads\/2026\/04\/FEUILLET_PARC_MACHINES_290x190-1-671x1024.png 671w, https:\/\/www.dejalink.fr\/wp-content\/uploads\/2026\/04\/FEUILLET_PARC_MACHINES_290x190-1-768x1172.png 768w, https:\/\/www.dejalink.fr\/wp-content\/uploads\/2026\/04\/FEUILLET_PARC_MACHINES_290x190-1-1006x1536.png 1006w, https:\/\/www.dejalink.fr\/wp-content\/uploads\/2026\/04\/FEUILLET_PARC_MACHINES_290x190-1-1342x2048.png 1342w, https:\/\/www.dejalink.fr\/wp-content\/uploads\/2026\/04\/FEUILLET_PARC_MACHINES_290x190-1-scaled.png 1677w\" sizes=\"(max-width: 197px) 100vw, 197px\" \/><\/a><\/p><p><span style=\"color: #000000;\"><strong>Consultez notre parc machines<\/strong><\/span><\/p>\t\t\t\t\t\t\t\t<\/div>\n\t\t\t\t<\/div>\n\t\t\t\t\t<\/div>\n\t\t<\/div>\n\t\t\t\t\t<\/div>\n\t\t<\/section>\n\t\t\t\t<\/div>\n\t\t","protected":false},"excerpt":{"rendered":"<p>Finition &#8211; Fa\u00e7onnage C\u2019est justement parce qu\u2019en mati\u00e8re de fabrication, les d\u00e9tails n\u2019en sont pas, que nous apportons notre ma\u00eetrise et notre exp\u00e9rience \u00e0 r\u00e9aliser avec le plus grand soin vos travaux les plus simples comme les plus complexes. \u00a0 Consultez notre parc machines<\/p>\n","protected":false},"author":2,"featured_media":0,"parent":0,"menu_order":0,"comment_status":"closed","ping_status":"closed","template":"","meta":{"footnotes":""},"class_list":["post-228","page","type-page","status-publish","hentry"],"_links":{"self":[{"href":"https:\/\/www.dejalink.fr\/index.php\/wp-json\/wp\/v2\/pages\/228","targetHints":{"allow":["GET"]}}],"collection":[{"href":"https:\/\/www.dejalink.fr\/index.php\/wp-json\/wp\/v2\/pages"}],"about":[{"href":"https:\/\/www.dejalink.fr\/index.php\/wp-json\/wp\/v2\/types\/page"}],"author":[{"embeddable":true,"href":"https:\/\/www.dejalink.fr\/index.php\/wp-json\/wp\/v2\/users\/2"}],"replies":[{"embeddable":true,"href":"https:\/\/www.dejalink.fr\/index.php\/wp-json\/wp\/v2\/comments?post=228"}],"version-history":[{"count":23,"href":"https:\/\/www.dejalink.fr\/index.php\/wp-json\/wp\/v2\/pages\/228\/revisions"}],"predecessor-version":[{"id":3021,"href":"https:\/\/www.dejalink.fr\/index.php\/wp-json\/wp\/v2\/pages\/228\/revisions\/3021"}],"wp:attachment":[{"href":"https:\/\/www.dejalink.fr\/index.php\/wp-json\/wp\/v2\/media?parent=228"}],"curies":[{"name":"wp","href":"https:\/\/api.w.org\/{rel}","templated":true}]}}