{"id":232,"date":"2019-01-08T11:07:13","date_gmt":"2019-01-08T10:07:13","guid":{"rendered":"http:\/\/dejalinkrb.cluster026.hosting.ovh.net\/?page_id=232"},"modified":"2025-08-27T11:40:56","modified_gmt":"2025-08-27T09:40:56","slug":"logistique-deploiement","status":"publish","type":"page","link":"https:\/\/www.dejalink.fr\/index.php\/logistique-deploiement\/","title":{"rendered":"Logistique &#8211; D\u00e9ploiement"},"content":{"rendered":"\t\t<div data-elementor-type=\"wp-page\" data-elementor-id=\"232\" class=\"elementor elementor-232\">\n\t\t\t\t\t\t<section class=\"elementor-section elementor-top-section elementor-element elementor-element-b8f130a elementor-section-full_width elementor-section-content-middle elementor-section-height-min-height elementor-section-stretched elementor-section-height-default elementor-section-items-middle\" data-id=\"b8f130a\" data-element_type=\"section\" data-e-type=\"section\" data-settings=\"{&quot;background_background&quot;:&quot;classic&quot;,&quot;stretch_section&quot;:&quot;section-stretched&quot;}\">\n\t\t\t\t\t\t<div class=\"elementor-container elementor-column-gap-no\">\n\t\t\t\t\t<div class=\"elementor-column elementor-col-33 elementor-top-column elementor-element elementor-element-0fdcae1\" data-id=\"0fdcae1\" data-element_type=\"column\" data-e-type=\"column\">\n\t\t\t<div class=\"elementor-widget-wrap elementor-element-populated\">\n\t\t\t\t\t\t<div class=\"elementor-element elementor-element-769694b elementor-widget elementor-widget-image\" data-id=\"769694b\" data-element_type=\"widget\" data-e-type=\"widget\" data-widget_type=\"image.default\">\n\t\t\t\t<div class=\"elementor-widget-container\">\n\t\t\t\t\t\t\t\t\t\t\t\t\t\t\t<img fetchpriority=\"high\" decoding=\"async\" width=\"7046\" height=\"4703\" src=\"https:\/\/www.dejalink.fr\/wp-content\/uploads\/2019\/01\/817.jpg\" class=\"attachment-full size-full wp-image-233\" alt=\"\" srcset=\"https:\/\/www.dejalink.fr\/wp-content\/uploads\/2019\/01\/817.jpg 7046w, https:\/\/www.dejalink.fr\/wp-content\/uploads\/2019\/01\/817-300x200.jpg 300w, https:\/\/www.dejalink.fr\/wp-content\/uploads\/2019\/01\/817-768x513.jpg 768w, https:\/\/www.dejalink.fr\/wp-content\/uploads\/2019\/01\/817-1024x683.jpg 1024w, https:\/\/www.dejalink.fr\/wp-content\/uploads\/2019\/01\/817-648x433.jpg 648w, https:\/\/www.dejalink.fr\/wp-content\/uploads\/2019\/01\/817-288x192.jpg 288w\" sizes=\"100vw\" \/>\t\t\t\t\t\t\t\t\t\t\t\t\t\t\t<\/div>\n\t\t\t\t<\/div>\n\t\t\t\t\t<\/div>\n\t\t<\/div>\n\t\t\t\t<div class=\"elementor-column elementor-col-66 elementor-top-column elementor-element elementor-element-5ca2ae6\" data-id=\"5ca2ae6\" data-element_type=\"column\" data-e-type=\"column\">\n\t\t\t<div class=\"elementor-widget-wrap elementor-element-populated\">\n\t\t\t\t\t\t<div class=\"elementor-element elementor-element-11fd010 elementor-invisible elementor-widget elementor-widget-heading\" data-id=\"11fd010\" data-element_type=\"widget\" data-e-type=\"widget\" data-settings=\"{&quot;_animation&quot;:&quot;fadeIn&quot;}\" data-widget_type=\"heading.default\">\n\t\t\t\t<div class=\"elementor-widget-container\">\n\t\t\t\t\t<h1 class=\"elementor-heading-title elementor-size-large\">Logistique -  D\u00e9ploiement<\/h1>\t\t\t\t<\/div>\n\t\t\t\t<\/div>\n\t\t\t\t<div class=\"elementor-element elementor-element-cd6ae26 elementor-widget elementor-widget-text-editor\" data-id=\"cd6ae26\" data-element_type=\"widget\" data-e-type=\"widget\" data-widget_type=\"text-editor.default\">\n\t\t\t\t<div class=\"elementor-widget-container\">\n\t\t\t\t\t\t\t\t\t<p class=\"has-text-color\" style=\"color: #4b759e;\"><span style=\"color: #23397c;\">DEJA LINK travaille avec des partenaires assurant la tra\u00e7abilit\u00e9 des envois, en France et \u00e0 l\u2019international, du petit colis aux palettes multiples.<\/span><\/p>\n<p><span style=\"color: #23397c;\"><!-- \/wp:paragraph --><!-- wp:paragraph --><\/span><\/p>\n<p><span style=\"color: #23397c;\"><strong>Stockage &amp; Picking<\/strong><\/span><br \/>Le Picking est la solution id\u00e9ale pour g\u00e9rer et organiser vos productions, stocker vos documents, les archiver, les r\u00e9f\u00e9rencer, les s\u00e9curiser, les d\u00e9ployer o\u00f9 et quand vous voulez en quelques clics.<\/p>\n<p><!-- \/wp:paragraph --><!-- wp:paragraph --><\/p>\n<p><span style=\"color: #23397c;\"><strong>Routage<\/strong><\/span><br \/>DEJA LINK vous propose la solution la mieux adapt\u00e9e et au meilleur co\u00fbt pour vos demandes d\u2019envois personnalis\u00e9s.<\/p>\n<p><!-- \/wp:paragraph --><!-- wp:paragraph --><\/p>\n<p><span style=\"color: #23397c;\"><strong>Logistique<\/strong><\/span><br \/>DEJA LINK dispose de son propre service logistique int\u00e9gr\u00e9.<\/p>\n<p><!-- \/wp:paragraph --><!-- wp:paragraph --><\/p>\n<p><span style=\"color: #23397c;\"><strong>Tra\u00e7abilit\u00e9 &#8211; Reporting<\/strong><\/span><br \/>Besoin d\u2019informations pr\u00e9cises sur vos exp\u00e9ditions ?<br \/>Nous pouvons vous dire \u00e0 tout moment :<br \/>\u2022 O\u00f9 en sont vos exp\u00e9ditions,<br \/>\u2022 Quand la r\u00e9ception a \u00e9t\u00e9 effectu\u00e9e,<br \/>\u2022 Qui a r\u00e9ceptionn\u00e9 la marchandise,<br \/>Et vous fournir les preuves de livraison sur simple demande de votre part.<\/p>\t\t\t\t\t\t\t\t<\/div>\n\t\t\t\t<\/div>\n\t\t\t\t\t<\/div>\n\t\t<\/div>\n\t\t\t\t\t<\/div>\n\t\t<\/section>\n\t\t\t\t<\/div>\n\t\t","protected":false},"excerpt":{"rendered":"<p>Logistique &#8211; D\u00e9ploiement DEJA LINK travaille avec des partenaires assurant la tra\u00e7abilit\u00e9 des envois, en France et \u00e0 l\u2019international, du petit colis aux palettes multiples. Stockage &amp; PickingLe Picking est la solution id\u00e9ale pour g\u00e9rer et organiser vos productions, stocker vos documents, les archiver, les r\u00e9f\u00e9rencer, les s\u00e9curiser, les d\u00e9ployer o\u00f9 et quand vous voulez &hellip; <\/p>\n<p class=\"link-more\"><a href=\"https:\/\/www.dejalink.fr\/index.php\/logistique-deploiement\/\" class=\"more-link\">Continuer la lecture<span class=\"screen-reader-text\"> de &laquo;&nbsp;Logistique &#8211; D\u00e9ploiement&nbsp;&raquo;<\/span><\/a><\/p>\n","protected":false},"author":2,"featured_media":0,"parent":0,"menu_order":0,"comment_status":"closed","ping_status":"closed","template":"","meta":{"footnotes":""},"class_list":["post-232","page","type-page","status-publish","hentry"],"_links":{"self":[{"href":"https:\/\/www.dejalink.fr\/index.php\/wp-json\/wp\/v2\/pages\/232","targetHints":{"allow":["GET"]}}],"collection":[{"href":"https:\/\/www.dejalink.fr\/index.php\/wp-json\/wp\/v2\/pages"}],"about":[{"href":"https:\/\/www.dejalink.fr\/index.php\/wp-json\/wp\/v2\/types\/page"}],"author":[{"embeddable":true,"href":"https:\/\/www.dejalink.fr\/index.php\/wp-json\/wp\/v2\/users\/2"}],"replies":[{"embeddable":true,"href":"https:\/\/www.dejalink.fr\/index.php\/wp-json\/wp\/v2\/comments?post=232"}],"version-history":[{"count":12,"href":"https:\/\/www.dejalink.fr\/index.php\/wp-json\/wp\/v2\/pages\/232\/revisions"}],"predecessor-version":[{"id":2901,"href":"https:\/\/www.dejalink.fr\/index.php\/wp-json\/wp\/v2\/pages\/232\/revisions\/2901"}],"wp:attachment":[{"href":"https:\/\/www.dejalink.fr\/index.php\/wp-json\/wp\/v2\/media?parent=232"}],"curies":[{"name":"wp","href":"https:\/\/api.w.org\/{rel}","templated":true}]}}