{"id":850,"date":"2019-02-05T16:53:49","date_gmt":"2019-02-05T15:53:49","guid":{"rendered":"http:\/\/dejalinkrb.cluster026.hosting.ovh.net\/?page_id=850"},"modified":"2022-09-08T16:45:53","modified_gmt":"2022-09-08T14:45:53","slug":"850-2","status":"publish","type":"page","link":"https:\/\/www.dejalink.fr\/index.php\/850-2\/","title":{"rendered":"R\u00e9alit\u00e9 Augment\u00e9e"},"content":{"rendered":"\t\t<div data-elementor-type=\"wp-page\" data-elementor-id=\"850\" class=\"elementor elementor-850\">\n\t\t\t\t\t\t<section class=\"elementor-section elementor-top-section elementor-element elementor-element-b46852b elementor-section-full_width elementor-section-content-middle elementor-section-height-min-height elementor-section-stretched elementor-section-height-default elementor-section-items-middle\" data-id=\"b46852b\" data-element_type=\"section\" data-e-type=\"section\" data-settings=\"{&quot;background_background&quot;:&quot;classic&quot;,&quot;stretch_section&quot;:&quot;section-stretched&quot;}\">\n\t\t\t\t\t\t<div class=\"elementor-container elementor-column-gap-no\">\n\t\t\t\t\t<div class=\"elementor-column elementor-col-100 elementor-top-column elementor-element elementor-element-5b6396b\" data-id=\"5b6396b\" data-element_type=\"column\" data-e-type=\"column\">\n\t\t\t<div class=\"elementor-widget-wrap elementor-element-populated\">\n\t\t\t\t\t\t<div class=\"elementor-element elementor-element-65d5f85 elementor-invisible elementor-widget elementor-widget-heading\" data-id=\"65d5f85\" data-element_type=\"widget\" data-e-type=\"widget\" data-settings=\"{&quot;_animation&quot;:&quot;fadeIn&quot;}\" data-widget_type=\"heading.default\">\n\t\t\t\t<div class=\"elementor-widget-container\">\n\t\t\t\t\t<h1 class=\"elementor-heading-title elementor-size-large\">R\u00e9alit\u00e9 augment\u00e9e<\/h1>\t\t\t\t<\/div>\n\t\t\t\t<\/div>\n\t\t\t\t<div class=\"elementor-element elementor-element-9c61dac elementor-widget elementor-widget-text-editor\" data-id=\"9c61dac\" data-element_type=\"widget\" data-e-type=\"widget\" data-widget_type=\"text-editor.default\">\n\t\t\t\t<div class=\"elementor-widget-container\">\n\t\t\t\t\t\t\t\t\t<p class=\"has-text-color has-medium-font-size\"><span style=\"color: #993300;\"><strong>Quand le papier devient objet connect\u00e9.<\/strong><\/span><\/p>\n<p>Depuis la g\u00e9n\u00e9ralisation des QR codes, le smartphone est devenu un outil indispensable pour profiter de contenus num\u00e9riques suppl\u00e9mentaires. La technologie de reconnaissance d\u2019image permet d\u2019aller plus loin dans l\u2019interaction avec le support papier imprim\u00e9. Avec l\u2019AR (Augmented Reality), le papier prend vie \u00e0 travers l\u2019\u00e9cran pour vous proposer des animations 3D, vid\u00e9os, webview, contenus interactifs&#8230;<\/p>\t\t\t\t\t\t\t\t<\/div>\n\t\t\t\t<\/div>\n\t\t\t\t<div class=\"elementor-element elementor-element-b19175a elementor-widget elementor-widget-image\" data-id=\"b19175a\" data-element_type=\"widget\" data-e-type=\"widget\" data-widget_type=\"image.default\">\n\t\t\t\t<div class=\"elementor-widget-container\">\n\t\t\t\t\t\t\t\t\t\t\t\t\t\t\t<img fetchpriority=\"high\" decoding=\"async\" width=\"740\" height=\"303\" src=\"https:\/\/www.dejalink.fr\/wp-content\/uploads\/2022\/09\/ArgoPlay-mode-emploi-768x314.png\" class=\"attachment-medium_large size-medium_large wp-image-2559\" alt=\"\" srcset=\"https:\/\/www.dejalink.fr\/wp-content\/uploads\/2022\/09\/ArgoPlay-mode-emploi-768x314.png 768w, https:\/\/www.dejalink.fr\/wp-content\/uploads\/2022\/09\/ArgoPlay-mode-emploi-300x123.png 300w, https:\/\/www.dejalink.fr\/wp-content\/uploads\/2022\/09\/ArgoPlay-mode-emploi-1024x419.png 1024w, https:\/\/www.dejalink.fr\/wp-content\/uploads\/2022\/09\/ArgoPlay-mode-emploi.png 1290w\" sizes=\"100vw\" \/>\t\t\t\t\t\t\t\t\t\t\t\t\t\t\t<\/div>\n\t\t\t\t<\/div>\n\t\t\t\t<div class=\"elementor-element elementor-element-181e16a elementor-widget elementor-widget-text-editor\" data-id=\"181e16a\" data-element_type=\"widget\" data-e-type=\"widget\" data-widget_type=\"text-editor.default\">\n\t\t\t\t<div class=\"elementor-widget-container\">\n\t\t\t\t\t\t\t\t\t<p class=\"has-text-color has-medium-font-size\"><span style=\"color: #993300;\"><strong>Faites un essai, snappez le visuel ci-dessous\u2026<\/strong><\/span><\/p>\n<p><img decoding=\"async\" class=\"wp-image-1274\" src=\"https:\/\/i2.wp.com\/dejalinkrb.cluster026.hosting.ovh.net\/wp-content\/uploads\/2019\/05\/P23_TEST-SNAPPRESS.jpg?fit=525%2C344\" alt=\"\" width=\"645\" height=\"422\" srcset=\"https:\/\/www.dejalink.fr\/wp-content\/uploads\/2019\/05\/P23_TEST-SNAPPRESS.jpg 3425w, https:\/\/www.dejalink.fr\/wp-content\/uploads\/2019\/05\/P23_TEST-SNAPPRESS-300x197.jpg 300w, https:\/\/www.dejalink.fr\/wp-content\/uploads\/2019\/05\/P23_TEST-SNAPPRESS-768x503.jpg 768w, https:\/\/www.dejalink.fr\/wp-content\/uploads\/2019\/05\/P23_TEST-SNAPPRESS-1024x671.jpg 1024w\" sizes=\"(max-width: 645px) 100vw, 645px\" \/><\/p>\t\t\t\t\t\t\t\t<\/div>\n\t\t\t\t<\/div>\n\t\t\t\t<div class=\"elementor-element elementor-element-b39c047 elementor-widget__width-initial elementor-widget elementor-widget-video\" data-id=\"b39c047\" data-element_type=\"widget\" data-e-type=\"widget\" data-settings=\"{&quot;youtube_url&quot;:&quot;https:\\\/\\\/www.youtube.com\\\/watch?v=0BNVTcJyX4c&amp;t=6s&quot;,&quot;video_type&quot;:&quot;youtube&quot;,&quot;controls&quot;:&quot;yes&quot;}\" data-widget_type=\"video.default\">\n\t\t\t\t<div class=\"elementor-widget-container\">\n\t\t\t\t\t\t\t<div class=\"elementor-wrapper elementor-open-inline\">\n\t\t\t<div class=\"elementor-video\"><\/div>\t\t<\/div>\n\t\t\t\t\t\t<\/div>\n\t\t\t\t<\/div>\n\t\t\t\t\t<\/div>\n\t\t<\/div>\n\t\t\t\t\t<\/div>\n\t\t<\/section>\n\t\t\t\t<section class=\"elementor-section elementor-top-section elementor-element elementor-element-5c76d8d elementor-section-boxed elementor-section-height-default elementor-section-height-default\" data-id=\"5c76d8d\" data-element_type=\"section\" data-e-type=\"section\">\n\t\t\t\t\t\t<div class=\"elementor-container elementor-column-gap-default\">\n\t\t\t\t\t<div class=\"elementor-column elementor-col-100 elementor-top-column elementor-element elementor-element-0e4a897\" data-id=\"0e4a897\" data-element_type=\"column\" data-e-type=\"column\">\n\t\t\t<div class=\"elementor-widget-wrap\">\n\t\t\t\t\t\t\t<\/div>\n\t\t<\/div>\n\t\t\t\t\t<\/div>\n\t\t<\/section>\n\t\t\t\t<\/div>\n\t\t","protected":false},"excerpt":{"rendered":"<p>R\u00e9alit\u00e9 augment\u00e9e Quand le papier devient objet connect\u00e9. Depuis la g\u00e9n\u00e9ralisation des QR codes, le smartphone est devenu un outil indispensable pour profiter de contenus num\u00e9riques suppl\u00e9mentaires. La technologie de reconnaissance d\u2019image permet d\u2019aller plus loin dans l\u2019interaction avec le support papier imprim\u00e9. Avec l\u2019AR (Augmented Reality), le papier prend vie \u00e0 travers l\u2019\u00e9cran pour &hellip; <\/p>\n<p class=\"link-more\"><a href=\"https:\/\/www.dejalink.fr\/index.php\/850-2\/\" class=\"more-link\">Continuer la lecture<span class=\"screen-reader-text\"> de &laquo;&nbsp;R\u00e9alit\u00e9 Augment\u00e9e&nbsp;&raquo;<\/span><\/a><\/p>\n","protected":false},"author":2,"featured_media":0,"parent":0,"menu_order":0,"comment_status":"closed","ping_status":"closed","template":"","meta":{"footnotes":""},"class_list":["post-850","page","type-page","status-publish","hentry"],"_links":{"self":[{"href":"https:\/\/www.dejalink.fr\/index.php\/wp-json\/wp\/v2\/pages\/850","targetHints":{"allow":["GET"]}}],"collection":[{"href":"https:\/\/www.dejalink.fr\/index.php\/wp-json\/wp\/v2\/pages"}],"about":[{"href":"https:\/\/www.dejalink.fr\/index.php\/wp-json\/wp\/v2\/types\/page"}],"author":[{"embeddable":true,"href":"https:\/\/www.dejalink.fr\/index.php\/wp-json\/wp\/v2\/users\/2"}],"replies":[{"embeddable":true,"href":"https:\/\/www.dejalink.fr\/index.php\/wp-json\/wp\/v2\/comments?post=850"}],"version-history":[{"count":42,"href":"https:\/\/www.dejalink.fr\/index.php\/wp-json\/wp\/v2\/pages\/850\/revisions"}],"predecessor-version":[{"id":2562,"href":"https:\/\/www.dejalink.fr\/index.php\/wp-json\/wp\/v2\/pages\/850\/revisions\/2562"}],"wp:attachment":[{"href":"https:\/\/www.dejalink.fr\/index.php\/wp-json\/wp\/v2\/media?parent=850"}],"curies":[{"name":"wp","href":"https:\/\/api.w.org\/{rel}","templated":true}]}}