{"id":858,"date":"2019-02-05T16:59:48","date_gmt":"2019-02-05T15:59:48","guid":{"rendered":"http:\/\/dejalinkrb.cluster026.hosting.ovh.net\/?page_id=858"},"modified":"2025-08-20T09:56:29","modified_gmt":"2025-08-20T07:56:29","slug":"web-to-print","status":"publish","type":"page","link":"https:\/\/www.dejalink.fr\/index.php\/web-to-print\/","title":{"rendered":"Web to Print- E-Commerce B to B"},"content":{"rendered":"\t\t<div data-elementor-type=\"wp-page\" data-elementor-id=\"858\" class=\"elementor elementor-858\">\n\t\t\t\t\t\t<section class=\"elementor-section elementor-top-section elementor-element elementor-element-a01c713 elementor-section-full_width elementor-section-content-middle elementor-section-height-min-height elementor-section-stretched elementor-section-height-default elementor-section-items-middle\" data-id=\"a01c713\" data-element_type=\"section\" data-e-type=\"section\" data-settings=\"{&quot;background_background&quot;:&quot;classic&quot;,&quot;stretch_section&quot;:&quot;section-stretched&quot;}\">\n\t\t\t\t\t\t<div class=\"elementor-container elementor-column-gap-no\">\n\t\t\t\t\t<div class=\"elementor-column elementor-col-33 elementor-top-column elementor-element elementor-element-dd2e75d\" data-id=\"dd2e75d\" data-element_type=\"column\" data-e-type=\"column\">\n\t\t\t<div class=\"elementor-widget-wrap elementor-element-populated\">\n\t\t\t\t\t\t<div class=\"elementor-element elementor-element-2f31579 elementor-widget elementor-widget-image\" data-id=\"2f31579\" data-element_type=\"widget\" data-e-type=\"widget\" data-widget_type=\"image.default\">\n\t\t\t\t<div class=\"elementor-widget-container\">\n\t\t\t\t\t\t\t\t\t\t\t\t\t\t\t<img fetchpriority=\"high\" decoding=\"async\" width=\"5747\" height=\"3835\" src=\"https:\/\/www.dejalink.fr\/wp-content\/uploads\/2019\/05\/Visuel_WTP_Base.jpg\" class=\"attachment-full size-full wp-image-1183\" alt=\"\" srcset=\"https:\/\/www.dejalink.fr\/wp-content\/uploads\/2019\/05\/Visuel_WTP_Base.jpg 5747w, https:\/\/www.dejalink.fr\/wp-content\/uploads\/2019\/05\/Visuel_WTP_Base-300x200.jpg 300w, https:\/\/www.dejalink.fr\/wp-content\/uploads\/2019\/05\/Visuel_WTP_Base-768x512.jpg 768w, https:\/\/www.dejalink.fr\/wp-content\/uploads\/2019\/05\/Visuel_WTP_Base-1024x683.jpg 1024w\" sizes=\"100vw\" \/>\t\t\t\t\t\t\t\t\t\t\t\t\t\t\t<\/div>\n\t\t\t\t<\/div>\n\t\t\t\t\t<\/div>\n\t\t<\/div>\n\t\t\t\t<div class=\"elementor-column elementor-col-66 elementor-top-column elementor-element elementor-element-7087de0\" data-id=\"7087de0\" data-element_type=\"column\" data-e-type=\"column\">\n\t\t\t<div class=\"elementor-widget-wrap elementor-element-populated\">\n\t\t\t\t\t\t<div class=\"elementor-element elementor-element-c161513 elementor-widget__width-inherit elementor-invisible elementor-widget elementor-widget-heading\" data-id=\"c161513\" data-element_type=\"widget\" data-e-type=\"widget\" data-settings=\"{&quot;_animation&quot;:&quot;fadeIn&quot;}\" data-widget_type=\"heading.default\">\n\t\t\t\t<div class=\"elementor-widget-container\">\n\t\t\t\t\t<h1 class=\"elementor-heading-title elementor-size-large\">Web to Print  -   E-commerce B to B<\/h1>\t\t\t\t<\/div>\n\t\t\t\t<\/div>\n\t\t\t\t<div class=\"elementor-element elementor-element-4c971d2 elementor-widget elementor-widget-text-editor\" data-id=\"4c971d2\" data-element_type=\"widget\" data-e-type=\"widget\" data-widget_type=\"text-editor.default\">\n\t\t\t\t<div class=\"elementor-widget-container\">\n\t\t\t\t\t\t\t\t\t<p>La solution Web to Print est un portail e-commerce B to B d\u00e9di\u00e9 sur lequel nous mettons en ligne tous les documents administratifs, techniques, commerciaux de votre entreprise.\u00a0<br \/>Cette solution permet la gestion de stock de produits imprim\u00e9s ou non (goodies).<br \/>Le portail fonctionne de la m\u00eame fa\u00e7on qu\u2019un site marchand, avec des acc\u00e8s s\u00e9curis\u00e9s : login et mot de passe.<br \/>Il est adapt\u00e9 \u00e0 votre charte graphique et devient \u00abvotre boutique\u00bb.<\/p>\n<p><!-- \/wp:paragraph --><!-- wp:paragraph {\"customTextColor\":\"#4b759e\",\"fontSize\":\"medium\"} --><\/p>\n<p class=\"has-text-color has-medium-font-size\" style=\"color: #4b759e;\"><span style=\"color: #23397c;\"><strong>Votre boutique en ligne peut se composer de :<\/strong><\/span><\/p>\n<p><!-- \/wp:paragraph --><!-- wp:paragraph --><\/p>\n<p>\u2022 Produits fixes (documents commerciaux, t\u00eates de lettre, brochures\u2026).<br \/>\u2022 Produits personnalisables (cartes de visite, de correspondance, enveloppes, flyers\u2026).<br \/>\u2022 Signal\u00e9tique (kak\u00e9monos, affiches, PLV\u2026).<br \/>\u2022 Objets promotionnels (cl\u00e9s USB, stylos, tote-bag\u2026).<br \/>\u2022 Produits de fin d\u2019ann\u00e9e (calendriers, cartes de voeux personnalisables\u2026).<br \/><br \/>Notre service logistique s\u2019occupe du \u00abpicking\u00bb : regroupement et exp\u00e9dition des commandes.<\/p>\n<p><!-- \/wp:paragraph --><!-- wp:paragraph --><\/p>\t\t\t\t\t\t\t\t<\/div>\n\t\t\t\t<\/div>\n\t\t\t\t<div class=\"elementor-element elementor-element-2923731 elementor-widget elementor-widget-text-editor\" data-id=\"2923731\" data-element_type=\"widget\" data-e-type=\"widget\" data-widget_type=\"text-editor.default\">\n\t\t\t\t<div class=\"elementor-widget-container\">\n\t\t\t\t\t\t\t\t\t<p><a href=\"https:\/\/www.calameo.com\/read\/0055771471ce1a1b095e2\"><img decoding=\"async\" class=\"alignnone size-medium wp-image-1323\" src=\"https:\/\/www.dejalink.fr\/wp-content\/uploads\/2019\/05\/COUVERTURE_PLAQUETTE_W2P_2019-197x300.jpg\" alt=\"\" width=\"197\" height=\"300\" srcset=\"https:\/\/www.dejalink.fr\/wp-content\/uploads\/2019\/05\/COUVERTURE_PLAQUETTE_W2P_2019-197x300.jpg 197w, https:\/\/www.dejalink.fr\/wp-content\/uploads\/2019\/05\/COUVERTURE_PLAQUETTE_W2P_2019-768x1172.jpg 768w, https:\/\/www.dejalink.fr\/wp-content\/uploads\/2019\/05\/COUVERTURE_PLAQUETTE_W2P_2019-671x1024.jpg 671w\" sizes=\"(max-width: 197px) 100vw, 197px\" \/><\/a><\/p>\n<p><span style=\"color: #000000;\"><strong>Consultez notre plaquette Web to Print<\/strong><\/span><\/p>\t\t\t\t\t\t\t\t<\/div>\n\t\t\t\t<\/div>\n\t\t\t\t\t<\/div>\n\t\t<\/div>\n\t\t\t\t\t<\/div>\n\t\t<\/section>\n\t\t\t\t<\/div>\n\t\t","protected":false},"excerpt":{"rendered":"<p>Web to Print &#8211; E-commerce B to B La solution Web to Print est un portail e-commerce B to B d\u00e9di\u00e9 sur lequel nous mettons en ligne tous les documents administratifs, techniques, commerciaux de votre entreprise.\u00a0Cette solution permet la gestion de stock de produits imprim\u00e9s ou non (goodies).Le portail fonctionne de la m\u00eame fa\u00e7on qu\u2019un &hellip; <\/p>\n<p class=\"link-more\"><a href=\"https:\/\/www.dejalink.fr\/index.php\/web-to-print\/\" class=\"more-link\">Continuer la lecture<span class=\"screen-reader-text\"> de &laquo;&nbsp;Web to Print- E-Commerce B to B&nbsp;&raquo;<\/span><\/a><\/p>\n","protected":false},"author":2,"featured_media":0,"parent":0,"menu_order":0,"comment_status":"closed","ping_status":"closed","template":"","meta":{"footnotes":""},"class_list":["post-858","page","type-page","status-publish","hentry"],"_links":{"self":[{"href":"https:\/\/www.dejalink.fr\/index.php\/wp-json\/wp\/v2\/pages\/858","targetHints":{"allow":["GET"]}}],"collection":[{"href":"https:\/\/www.dejalink.fr\/index.php\/wp-json\/wp\/v2\/pages"}],"about":[{"href":"https:\/\/www.dejalink.fr\/index.php\/wp-json\/wp\/v2\/types\/page"}],"author":[{"embeddable":true,"href":"https:\/\/www.dejalink.fr\/index.php\/wp-json\/wp\/v2\/users\/2"}],"replies":[{"embeddable":true,"href":"https:\/\/www.dejalink.fr\/index.php\/wp-json\/wp\/v2\/comments?post=858"}],"version-history":[{"count":27,"href":"https:\/\/www.dejalink.fr\/index.php\/wp-json\/wp\/v2\/pages\/858\/revisions"}],"predecessor-version":[{"id":2875,"href":"https:\/\/www.dejalink.fr\/index.php\/wp-json\/wp\/v2\/pages\/858\/revisions\/2875"}],"wp:attachment":[{"href":"https:\/\/www.dejalink.fr\/index.php\/wp-json\/wp\/v2\/media?parent=858"}],"curies":[{"name":"wp","href":"https:\/\/api.w.org\/{rel}","templated":true}]}}