{"id":90,"date":"2019-01-03T10:20:34","date_gmt":"2019-01-03T09:20:34","guid":{"rendered":"http:\/\/dejalinkrb.cluster026.hosting.ovh.net\/?page_id=90"},"modified":"2025-08-08T11:04:35","modified_gmt":"2025-08-08T09:04:35","slug":"conseil-gestion-de-projets","status":"publish","type":"page","link":"https:\/\/www.dejalink.fr\/index.php\/conseil-gestion-de-projets\/","title":{"rendered":"Le conseil &#038; l&rsquo;accompagnement  au quotidien"},"content":{"rendered":"\t\t<div data-elementor-type=\"wp-page\" data-elementor-id=\"90\" class=\"elementor elementor-90\">\n\t\t\t\t\t\t<section class=\"elementor-section elementor-top-section elementor-element elementor-element-5c222a1 elementor-section-full_width elementor-section-content-middle elementor-section-height-min-height elementor-section-stretched elementor-section-height-default elementor-section-items-middle\" data-id=\"5c222a1\" data-element_type=\"section\" data-e-type=\"section\" data-settings=\"{&quot;background_background&quot;:&quot;classic&quot;,&quot;stretch_section&quot;:&quot;section-stretched&quot;}\">\n\t\t\t\t\t\t<div class=\"elementor-container elementor-column-gap-no\">\n\t\t\t\t\t<div class=\"elementor-column elementor-col-33 elementor-top-column elementor-element elementor-element-ebf9dfa\" data-id=\"ebf9dfa\" data-element_type=\"column\" data-e-type=\"column\">\n\t\t\t<div class=\"elementor-widget-wrap elementor-element-populated\">\n\t\t\t\t\t\t<div class=\"elementor-element elementor-element-c37a96f elementor-widget elementor-widget-image\" data-id=\"c37a96f\" data-element_type=\"widget\" data-e-type=\"widget\" data-widget_type=\"image.default\">\n\t\t\t\t<div class=\"elementor-widget-container\">\n\t\t\t\t\t\t\t\t\t\t\t\t\t\t\t<img fetchpriority=\"high\" decoding=\"async\" width=\"2560\" height=\"1705\" src=\"https:\/\/www.dejalink.fr\/wp-content\/uploads\/2025\/08\/VISUEL-NOTRE-ACCOMPAGNEMENT-2025-scaled.jpg\" class=\"attachment-full size-full wp-image-2849\" alt=\"\" srcset=\"https:\/\/www.dejalink.fr\/wp-content\/uploads\/2025\/08\/VISUEL-NOTRE-ACCOMPAGNEMENT-2025-scaled.jpg 2560w, https:\/\/www.dejalink.fr\/wp-content\/uploads\/2025\/08\/VISUEL-NOTRE-ACCOMPAGNEMENT-2025-300x200.jpg 300w, https:\/\/www.dejalink.fr\/wp-content\/uploads\/2025\/08\/VISUEL-NOTRE-ACCOMPAGNEMENT-2025-1024x682.jpg 1024w, https:\/\/www.dejalink.fr\/wp-content\/uploads\/2025\/08\/VISUEL-NOTRE-ACCOMPAGNEMENT-2025-768x512.jpg 768w, https:\/\/www.dejalink.fr\/wp-content\/uploads\/2025\/08\/VISUEL-NOTRE-ACCOMPAGNEMENT-2025-1536x1023.jpg 1536w, https:\/\/www.dejalink.fr\/wp-content\/uploads\/2025\/08\/VISUEL-NOTRE-ACCOMPAGNEMENT-2025-2048x1364.jpg 2048w\" sizes=\"100vw\" \/>\t\t\t\t\t\t\t\t\t\t\t\t\t\t\t<\/div>\n\t\t\t\t<\/div>\n\t\t\t\t\t<\/div>\n\t\t<\/div>\n\t\t\t\t<div class=\"elementor-column elementor-col-66 elementor-top-column elementor-element elementor-element-876e9f2\" data-id=\"876e9f2\" data-element_type=\"column\" data-e-type=\"column\">\n\t\t\t<div class=\"elementor-widget-wrap elementor-element-populated\">\n\t\t\t\t\t\t<div class=\"elementor-element elementor-element-48032e8 elementor-invisible elementor-widget elementor-widget-heading\" data-id=\"48032e8\" data-element_type=\"widget\" data-e-type=\"widget\" data-settings=\"{&quot;_animation&quot;:&quot;fadeIn&quot;}\" data-widget_type=\"heading.default\">\n\t\t\t\t<div class=\"elementor-widget-container\">\n\t\t\t\t\t<h1 class=\"elementor-heading-title elementor-size-large\">Le conseil \net l'accompagnement  \nau quotidien<\/h1>\t\t\t\t<\/div>\n\t\t\t\t<\/div>\n\t\t\t\t<div class=\"elementor-element elementor-element-2f553b3 elementor-widget elementor-widget-text-editor\" data-id=\"2f553b3\" data-element_type=\"widget\" data-e-type=\"widget\" data-widget_type=\"text-editor.default\">\n\t\t\t\t<div class=\"elementor-widget-container\">\n\t\t\t\t\t\t\t\t\t<p>La proximit\u00e9 de notre outil de production, la multiplicit\u00e9 de notre offre et l\u2019exp\u00e9rience de nos \u00e9quipes sont autant d\u2019atouts que nous mettons \u00e0 votre service, pour vous aider \u00e0 choisir la technique d\u2019impression, la qualit\u00e9 du papier&#8230;<\/p>\n<p><!-- \/wp:paragraph --><!-- wp:paragraph --><\/p>\n<p>Le papier est au c\u0153ur de notre m\u00e9tier : c\u2019est cette mati\u00e8re qui sera entre vos mains et celles de vos clients.<br \/>Nous re\u00e7evons r\u00e9guli\u00e8rement les papetiers afin de d\u00e9couvrir les nouveaut\u00e9s et ainsi vous proposer un ou plusieurs papiers en ad\u00e9quation avec votre projet. Afin d\u2019appuyer ce choix, nous vous faisons parvenir des \u00e9chantillons et\/ou des r\u00e9alisations.<\/p>\n<p><!-- \/wp:paragraph --><!-- wp:paragraph --><\/p>\n<p>Notre outil de d\u00e9coupe num\u00e9rique (jusqu&rsquo;au format 52 x 72 cm) associ\u00e9 \u00e0 notre presse num\u00e9rique et \u00e0 nos outils de fa\u00e7onnage permet de concevoir vos prototypes imprim\u00e9s au plus proche du rendu final de voter projet.<\/p>\t\t\t\t\t\t\t\t<\/div>\n\t\t\t\t<\/div>\n\t\t\t\t\t<\/div>\n\t\t<\/div>\n\t\t\t\t\t<\/div>\n\t\t<\/section>\n\t\t\t\t<\/div>\n\t\t","protected":false},"excerpt":{"rendered":"<p>Le conseil et l&rsquo;accompagnement au quotidien La proximit\u00e9 de notre outil de production, la multiplicit\u00e9 de notre offre et l\u2019exp\u00e9rience de nos \u00e9quipes sont autant d\u2019atouts que nous mettons \u00e0 votre service, pour vous aider \u00e0 choisir la technique d\u2019impression, la qualit\u00e9 du papier&#8230; Le papier est au c\u0153ur de notre m\u00e9tier : c\u2019est cette &hellip; <\/p>\n<p class=\"link-more\"><a href=\"https:\/\/www.dejalink.fr\/index.php\/conseil-gestion-de-projets\/\" class=\"more-link\">Continuer la lecture<span class=\"screen-reader-text\"> de &laquo;&nbsp;Le conseil &#038; l&rsquo;accompagnement  au quotidien&nbsp;&raquo;<\/span><\/a><\/p>\n","protected":false},"author":2,"featured_media":0,"parent":0,"menu_order":2,"comment_status":"closed","ping_status":"closed","template":"","meta":{"footnotes":""},"class_list":["post-90","page","type-page","status-publish","hentry"],"_links":{"self":[{"href":"https:\/\/www.dejalink.fr\/index.php\/wp-json\/wp\/v2\/pages\/90","targetHints":{"allow":["GET"]}}],"collection":[{"href":"https:\/\/www.dejalink.fr\/index.php\/wp-json\/wp\/v2\/pages"}],"about":[{"href":"https:\/\/www.dejalink.fr\/index.php\/wp-json\/wp\/v2\/types\/page"}],"author":[{"embeddable":true,"href":"https:\/\/www.dejalink.fr\/index.php\/wp-json\/wp\/v2\/users\/2"}],"replies":[{"embeddable":true,"href":"https:\/\/www.dejalink.fr\/index.php\/wp-json\/wp\/v2\/comments?post=90"}],"version-history":[{"count":25,"href":"https:\/\/www.dejalink.fr\/index.php\/wp-json\/wp\/v2\/pages\/90\/revisions"}],"predecessor-version":[{"id":2852,"href":"https:\/\/www.dejalink.fr\/index.php\/wp-json\/wp\/v2\/pages\/90\/revisions\/2852"}],"wp:attachment":[{"href":"https:\/\/www.dejalink.fr\/index.php\/wp-json\/wp\/v2\/media?parent=90"}],"curies":[{"name":"wp","href":"https:\/\/api.w.org\/{rel}","templated":true}]}}